{"id":1975,"date":"2023-11-02T15:01:20","date_gmt":"2023-11-02T15:01:20","guid":{"rendered":"https:\/\/rioonda.com\/habitaciones-en-rio-onda\/"},"modified":"2024-11-12T23:45:26","modified_gmt":"2024-11-12T23:45:26","slug":"habitaciones-en-rio-onda","status":"publish","type":"page","link":"https:\/\/rioonda.com\/es\/habitaciones-en-rio-onda\/","title":{"rendered":"Habitaciones en Rio Onda"},"content":{"rendered":"<div class=\"mphb_sc_rooms-wrapper mphb-room-types \">    <div class=\"loop-rooms-wrapper\">\r\n\t\r\n<div class=\"mphb-room-type post-1984 mphb_room_type type-mphb_room_type status-publish has-post-thumbnail mphb_room_type_facility-abanico-de-techo mphb_room_type_facility-agua-caliente mphb_room_type_facility-articulos-de-aseo-gratis mphb_room_type_facility-bano-privado mphb_room_type_facility-colchon-ortopedico mphb_room_type_facility-desayuno-basico-gratis mphb_room_type_facility-estacion-de-recarga-usb mphb_room_type_facility-estacionamiento-gratuito mphb_room_type_facility-ropa-de-cama mphb_room_type_facility-toallas mphb_room_type_facility-wifi-gratis mphb-room-type-adults-2 mphb-room-type-children-0 has-taxes-and-fees\">\r\n\r\n\t\r\n    <div class=\"loop-room-wrapper\">\r\n\t\t            <div class=\"loop-room-images-wrapper\">\r\n\t\t\t\t\n\n\t<p class=\"post-thumbnail mphb-loop-room-thumbnail\">\n\t<a href=\"https:\/\/rioonda.com\/es\/accommodation\/la-cabana-colibri\/\">\n\t<img loading=\"lazy\" decoding=\"async\" width=\"892\" height=\"892\" src=\"https:\/\/rioonda.com\/wp-content\/uploads\/2023\/11\/Colibri.jpg\" class=\"attachment-booklium-square size-booklium-square wp-post-image\" alt=\"\" srcset=\"https:\/\/rioonda.com\/wp-content\/uploads\/2023\/11\/Colibri.jpg 892w, https:\/\/rioonda.com\/wp-content\/uploads\/2023\/11\/Colibri-300x300.jpg 300w, https:\/\/rioonda.com\/wp-content\/uploads\/2023\/11\/Colibri-150x150.jpg 150w, https:\/\/rioonda.com\/wp-content\/uploads\/2023\/11\/Colibri-768x768.jpg 768w\" sizes=\"auto, (max-width: 892px) 100vw, 892px\" \/>\t<\/a>\n\n\t<\/p>\n            <\/div>\r\n\t\t\t            <div class=\"loop-room-info-wrapper\">\r\n\t\t\t\t\n<h2 class=\"mphb-room-type-title entry-title\">\n\n<a class=\"mphb-room-type-title\" href=\"https:\/\/rioonda.com\/es\/accommodation\/la-cabana-colibri\/\">La Caba\u00f1a Colibr\u00ed<\/a>\n\n<\/h2>    <ul class=\"loop-room-short-attributes\">\r\n\t\n\n\t<li class=\"mphb-room-type-adults-capacity\"><span class=\"mphb-attribute-title mphb-adults-title\">Hu\u00e9spedes:<\/span><span class=\"mphb-attribute-value\">\n\t2\n\t<\/span><\/li>\n\t\n\n\n\n\t<li class=\"mphb-room-type-size\"><span class=\"mphb-attribute-title mphb-size-title\">Tama\u00f1o:<\/span><span class=\"mphb-attribute-value\">\n\t12m\u00b2\n\t<\/span><\/li>\n\t    <\/ul>\r\n\t\n\n<p>La Caba\u00f1a Colibri dispone de dos camas individuales, con capacidad para 2 personas c\u00f3modamente. Tambi\u00e9n cuenta con una zona de estar al aire libre con vistas a la monta\u00f1a y al jard\u00edn.<\/p>\n\n\n<ul class=\"mphb-loop-room-type-attributes\">\n\n\n\n\t<li class=\"mphb-room-type-view\"><span class=\"mphb-attribute-title mphb-view-title\">Vista:<\/span><span class=\"mphb-attribute-value\">\n\tMonta\u00f1as, Jard\u00edn\n\t<\/span><\/li>\n\t\n\n\t<li class=\"mphb-room-type-bed-type\"><span  class=\"mphb-attribute-title mphb-bed-type-title\">Tipo de cama:<\/span><span class=\"mphb-attribute-value\">\n\t2 camas individuales\n\t<\/span><\/li>\n\t\n\n\n\t<li class=\"mphb-room-type-facilities\"><span class=\"mphb-attribute-title mphb-facilities-title\">Servicios<\/span><span class=\"mphb-attribute-value\"> <span class=\"facility-abanico-de-techo\"><a href=\"https:\/\/rioonda.com\/es\/accommodation-facility\/abanico-de-techo\/\">Abanico de techo<\/a><\/span>, <span class=\"facility-agua-caliente\"><a href=\"https:\/\/rioonda.com\/es\/accommodation-facility\/agua-caliente\/\">Agua caliente<\/a><\/span>, <span class=\"facility-articulos-de-aseo-gratis\"><a href=\"https:\/\/rioonda.com\/es\/accommodation-facility\/articulos-de-aseo-gratis\/\">Art\u00edculos de aseo gratis<\/a><\/span>, <span class=\"facility-bano-privado\"><a href=\"https:\/\/rioonda.com\/es\/accommodation-facility\/bano-privado\/\">Ba\u00f1o privado<\/a><\/span>, <span class=\"facility-colchon-ortopedico\"><a href=\"https:\/\/rioonda.com\/es\/accommodation-facility\/colchon-ortopedico\/\">Colch\u00f3n ortop\u00e9dico<\/a><\/span>, <span class=\"facility-desayuno-basico-gratis\"><a href=\"https:\/\/rioonda.com\/es\/accommodation-facility\/desayuno-basico-gratis\/\">Desayuno b\u00e1sico gratis<\/a><\/span>, <span class=\"facility-estacion-de-recarga-usb\"><a href=\"https:\/\/rioonda.com\/es\/accommodation-facility\/estacion-de-recarga-usb\/\">Estaci\u00f3n de recarga USB<\/a><\/span>, <span class=\"facility-estacionamiento-gratuito\"><a href=\"https:\/\/rioonda.com\/es\/accommodation-facility\/estacionamiento-gratuito\/\">Estacionamiento gratuito<\/a><\/span>, <span class=\"facility-ropa-de-cama\"><a href=\"https:\/\/rioonda.com\/es\/accommodation-facility\/ropa-de-cama\/\">Ropa de cama<\/a><\/span>, <span class=\"facility-toallas\"><a href=\"https:\/\/rioonda.com\/es\/accommodation-facility\/toallas\/\">Toallas<\/a><\/span>, <span class=\"facility-wifi-gratis\"><a href=\"https:\/\/rioonda.com\/es\/accommodation-facility\/wifi-gratis\/\">Wifi gratis<\/a><\/span><\/span><\/li>\n\t\n<\/ul>            <\/div>\r\n\t\t            <div class=\"loop-room-book-wrapper\">\r\n\t\t\t\t\n\n\t<p class=\"mphb-regular-price\"><strong>Precio desde:<\/strong>\n\t<span class=\"mphb-price\"><span class=\"mphb-currency\">&#36;<\/span>59<\/span> <span class=\"mphb-price-period\" title=\"Establezca las fechas para ver los precios adecuados\">por noche<\/span><span class=\"mphb-tax-information taxes-included\"> (+impuestos y cargos)<\/span>\n\t<\/p>\n\t\n<div class=\"mphb-to-book-btn-wrapper\">\n<form action=\"https:\/\/rioonda.com\/es\/accommodation\/la-cabana-colibri\/#booking-form-1984\" method=\"get\" ><button type=\"submit\" class=\"button mphb-book-button\" >Hacer reserva<\/button><\/form>\n<br\/><\/div>\n<p class=\"mphb-view-details-button-wrapper\">\n<a class=\"button mphb-view-details-button\" href=\"https:\/\/rioonda.com\/es\/accommodation\/la-cabana-colibri\/\" >Ver detalles<\/a>\n<\/p>            <\/div>\r\n\t\t\r\n    <\/div>\r\n\t\r\n<\/div>\r\n\r\n\r\n<div class=\"mphb-room-type post-1985 mphb_room_type type-mphb_room_type status-publish has-post-thumbnail mphb_room_type_facility-abanico-de-techo mphb_room_type_facility-agua-caliente mphb_room_type_facility-articulos-de-aseo-gratis mphb_room_type_facility-bano-privado mphb_room_type_facility-colchon-ortopedico mphb_room_type_facility-desayuno-basico-gratis mphb_room_type_facility-estacion-de-recarga-usb mphb_room_type_facility-estacionamiento-gratuito mphb_room_type_facility-ropa-de-cama mphb_room_type_facility-toallas mphb_room_type_facility-wifi-gratis mphb-room-type-adults-3 mphb-room-type-children-0 has-taxes-and-fees\">\r\n\r\n\t\r\n    <div class=\"loop-room-wrapper\">\r\n\t\t            <div class=\"loop-room-images-wrapper\">\r\n\t\t\t\t\n\n\t<p class=\"post-thumbnail mphb-loop-room-thumbnail\">\n\t<a href=\"https:\/\/rioonda.com\/es\/accommodation\/la-habitacion-jaguar\/\">\n\t<img loading=\"lazy\" decoding=\"async\" width=\"892\" height=\"892\" src=\"https:\/\/rioonda.com\/wp-content\/uploads\/2023\/11\/Jaguar.jpg\" class=\"attachment-booklium-square size-booklium-square wp-post-image\" alt=\"\" srcset=\"https:\/\/rioonda.com\/wp-content\/uploads\/2023\/11\/Jaguar.jpg 892w, https:\/\/rioonda.com\/wp-content\/uploads\/2023\/11\/Jaguar-300x300.jpg 300w, https:\/\/rioonda.com\/wp-content\/uploads\/2023\/11\/Jaguar-150x150.jpg 150w, https:\/\/rioonda.com\/wp-content\/uploads\/2023\/11\/Jaguar-768x768.jpg 768w\" sizes=\"auto, (max-width: 892px) 100vw, 892px\" \/>\t<\/a>\n\n\t<\/p>\n            <\/div>\r\n\t\t\t            <div class=\"loop-room-info-wrapper\">\r\n\t\t\t\t\n<h2 class=\"mphb-room-type-title entry-title\">\n\n<a class=\"mphb-room-type-title\" href=\"https:\/\/rioonda.com\/es\/accommodation\/la-habitacion-jaguar\/\">La Habitaci\u00f3n Jaguar<\/a>\n\n<\/h2>    <ul class=\"loop-room-short-attributes\">\r\n\t\n\n\t<li class=\"mphb-room-type-adults-capacity\"><span class=\"mphb-attribute-title mphb-adults-title\">Hu\u00e9spedes:<\/span><span class=\"mphb-attribute-value\">\n\t3\n\t<\/span><\/li>\n\t\n\n\n\n\t<li class=\"mphb-room-type-size\"><span class=\"mphb-attribute-title mphb-size-title\">Tama\u00f1o:<\/span><span class=\"mphb-attribute-value\">\n\t18m\u00b2\n\t<\/span><\/li>\n\t    <\/ul>\r\n\t\n\n<p>La Habitaci\u00f3n Jaguar ha sido renovada recientemente con curiosas obras de arte. Cuenta con una cama de matrimonio y una cama individual y tiene capacidad para 3 personas. <\/p>\n\n\n<ul class=\"mphb-loop-room-type-attributes\">\n\n\n\n\t<li class=\"mphb-room-type-view\"><span class=\"mphb-attribute-title mphb-view-title\">Vista:<\/span><span class=\"mphb-attribute-value\">\n\tMonta\u00f1as, jard\u00edn\n\t<\/span><\/li>\n\t\n\n\t<li class=\"mphb-room-type-bed-type\"><span  class=\"mphb-attribute-title mphb-bed-type-title\">Tipo de cama:<\/span><span class=\"mphb-attribute-value\">\n\t1 cama de matrimonio, 1 cama individual\n\t<\/span><\/li>\n\t\n\n\n\t<li class=\"mphb-room-type-facilities\"><span class=\"mphb-attribute-title mphb-facilities-title\">Servicios<\/span><span class=\"mphb-attribute-value\"> <span class=\"facility-abanico-de-techo\"><a href=\"https:\/\/rioonda.com\/es\/accommodation-facility\/abanico-de-techo\/\">Abanico de techo<\/a><\/span>, <span class=\"facility-agua-caliente\"><a href=\"https:\/\/rioonda.com\/es\/accommodation-facility\/agua-caliente\/\">Agua caliente<\/a><\/span>, <span class=\"facility-articulos-de-aseo-gratis\"><a href=\"https:\/\/rioonda.com\/es\/accommodation-facility\/articulos-de-aseo-gratis\/\">Art\u00edculos de aseo gratis<\/a><\/span>, <span class=\"facility-bano-privado\"><a href=\"https:\/\/rioonda.com\/es\/accommodation-facility\/bano-privado\/\">Ba\u00f1o privado<\/a><\/span>, <span class=\"facility-colchon-ortopedico\"><a href=\"https:\/\/rioonda.com\/es\/accommodation-facility\/colchon-ortopedico\/\">Colch\u00f3n ortop\u00e9dico<\/a><\/span>, <span class=\"facility-desayuno-basico-gratis\"><a href=\"https:\/\/rioonda.com\/es\/accommodation-facility\/desayuno-basico-gratis\/\">Desayuno b\u00e1sico gratis<\/a><\/span>, <span class=\"facility-estacion-de-recarga-usb\"><a href=\"https:\/\/rioonda.com\/es\/accommodation-facility\/estacion-de-recarga-usb\/\">Estaci\u00f3n de recarga USB<\/a><\/span>, <span class=\"facility-estacionamiento-gratuito\"><a href=\"https:\/\/rioonda.com\/es\/accommodation-facility\/estacionamiento-gratuito\/\">Estacionamiento gratuito<\/a><\/span>, <span class=\"facility-ropa-de-cama\"><a href=\"https:\/\/rioonda.com\/es\/accommodation-facility\/ropa-de-cama\/\">Ropa de cama<\/a><\/span>, <span class=\"facility-toallas\"><a href=\"https:\/\/rioonda.com\/es\/accommodation-facility\/toallas\/\">Toallas<\/a><\/span>, <span class=\"facility-wifi-gratis\"><a href=\"https:\/\/rioonda.com\/es\/accommodation-facility\/wifi-gratis\/\">Wifi gratis<\/a><\/span><\/span><\/li>\n\t\n<\/ul>            <\/div>\r\n\t\t            <div class=\"loop-room-book-wrapper\">\r\n\t\t\t\t\n\n\t<p class=\"mphb-regular-price\"><strong>Precio desde:<\/strong>\n\t<span class=\"mphb-price\"><span class=\"mphb-currency\">&#36;<\/span>64<\/span> <span class=\"mphb-price-period\" title=\"Establezca las fechas para ver los precios adecuados\">por noche<\/span><span class=\"mphb-tax-information taxes-included\"> (+impuestos y cargos)<\/span>\n\t<\/p>\n\t\n<div class=\"mphb-to-book-btn-wrapper\">\n<form action=\"https:\/\/rioonda.com\/es\/accommodation\/la-habitacion-jaguar\/#booking-form-1985\" method=\"get\" ><button type=\"submit\" class=\"button mphb-book-button\" >Hacer reserva<\/button><\/form>\n<br\/><\/div>\n<p class=\"mphb-view-details-button-wrapper\">\n<a class=\"button mphb-view-details-button\" href=\"https:\/\/rioonda.com\/es\/accommodation\/la-habitacion-jaguar\/\" >Ver detalles<\/a>\n<\/p>            <\/div>\r\n\t\t\r\n    <\/div>\r\n\t\r\n<\/div>\r\n\r\n\r\n<div class=\"mphb-room-type post-1986 mphb_room_type type-mphb_room_type status-publish has-post-thumbnail mphb_room_type_facility-abanico-de-techo mphb_room_type_facility-agua-caliente mphb_room_type_facility-articulos-de-aseo-gratis mphb_room_type_facility-bano-privado mphb_room_type_facility-colchon-ortopedico mphb_room_type_facility-desayuno-basico-gratis mphb_room_type_facility-estacion-de-recarga-usb mphb_room_type_facility-estacionamiento-gratuito mphb_room_type_facility-ropa-de-cama mphb_room_type_facility-toallas mphb_room_type_facility-wifi-gratis mphb-room-type-adults-4 mphb-room-type-children-0 has-taxes-and-fees\">\r\n\r\n\t\r\n    <div class=\"loop-room-wrapper\">\r\n\t\t            <div class=\"loop-room-images-wrapper\">\r\n\t\t\t\t\n\n\t<div class=\"mphb-room-type-images\">\n\t<div id='mphb-flexslider-gallery-1' class='gallery-columns-1 gallery-size-booklium-square mphb-gallery-main-slider mphb-flexslider-gallery-wrapper mphb-room-type-gallery-wrapper mphb-gallery-main-slider-69d38da339385' data-flexslider-atts='{\"animation\":\"slide\",\"controlNav\":false,\"animationLoop\":true,\"smoothHeight\":true,\"slideshow\":false}' data-group='69d38da339385'><ul class=\"slides\"><li class='gallery-item'><span class='gallery-icon landscape'>\n\t\t\t\t<a href=\"https:\/\/rioonda.com\/es\/accommodation\/la-habitacion-tucan\/\"><img loading=\"lazy\" decoding=\"async\" width=\"892\" height=\"892\" src=\"https:\/\/rioonda.com\/wp-content\/uploads\/2023\/11\/20240423_144357-892x892.jpg\" class=\"attachment-booklium-square size-booklium-square\" alt=\"\" srcset=\"https:\/\/rioonda.com\/wp-content\/uploads\/2023\/11\/20240423_144357-892x892.jpg 892w, https:\/\/rioonda.com\/wp-content\/uploads\/2023\/11\/20240423_144357-300x300.jpg 300w, https:\/\/rioonda.com\/wp-content\/uploads\/2023\/11\/20240423_144357-1024x1024.jpg 1024w, https:\/\/rioonda.com\/wp-content\/uploads\/2023\/11\/20240423_144357-150x150.jpg 150w, https:\/\/rioonda.com\/wp-content\/uploads\/2023\/11\/20240423_144357-768x768.jpg 768w, https:\/\/rioonda.com\/wp-content\/uploads\/2023\/11\/20240423_144357.jpg 1200w\" sizes=\"auto, (max-width: 892px) 100vw, 892px\" \/><\/a>\n\t\t\t<\/span><\/li><li class='gallery-item'><span class='gallery-icon landscape'>\n\t\t\t\t<a href=\"https:\/\/rioonda.com\/es\/accommodation\/la-habitacion-tucan\/\"><img loading=\"lazy\" decoding=\"async\" width=\"892\" height=\"892\" src=\"https:\/\/rioonda.com\/wp-content\/uploads\/2023\/11\/20240423_144122-892x892.jpg\" class=\"attachment-booklium-square size-booklium-square\" alt=\"\" srcset=\"https:\/\/rioonda.com\/wp-content\/uploads\/2023\/11\/20240423_144122-892x892.jpg 892w, https:\/\/rioonda.com\/wp-content\/uploads\/2023\/11\/20240423_144122-300x300.jpg 300w, https:\/\/rioonda.com\/wp-content\/uploads\/2023\/11\/20240423_144122-1024x1024.jpg 1024w, https:\/\/rioonda.com\/wp-content\/uploads\/2023\/11\/20240423_144122-150x150.jpg 150w, https:\/\/rioonda.com\/wp-content\/uploads\/2023\/11\/20240423_144122-768x768.jpg 768w, https:\/\/rioonda.com\/wp-content\/uploads\/2023\/11\/20240423_144122.jpg 1200w\" sizes=\"auto, (max-width: 892px) 100vw, 892px\" \/><\/a>\n\t\t\t<\/span><\/li><li class='gallery-item'><span class='gallery-icon landscape'>\n\t\t\t\t<a href=\"https:\/\/rioonda.com\/es\/accommodation\/la-habitacion-tucan\/\"><img loading=\"lazy\" decoding=\"async\" width=\"892\" height=\"892\" src=\"https:\/\/rioonda.com\/wp-content\/uploads\/2023\/11\/20240423_144111-892x892.jpg\" class=\"attachment-booklium-square size-booklium-square\" alt=\"\" srcset=\"https:\/\/rioonda.com\/wp-content\/uploads\/2023\/11\/20240423_144111-892x892.jpg 892w, https:\/\/rioonda.com\/wp-content\/uploads\/2023\/11\/20240423_144111-300x300.jpg 300w, https:\/\/rioonda.com\/wp-content\/uploads\/2023\/11\/20240423_144111-1024x1024.jpg 1024w, https:\/\/rioonda.com\/wp-content\/uploads\/2023\/11\/20240423_144111-150x150.jpg 150w, https:\/\/rioonda.com\/wp-content\/uploads\/2023\/11\/20240423_144111-768x768.jpg 768w, https:\/\/rioonda.com\/wp-content\/uploads\/2023\/11\/20240423_144111.jpg 1200w\" sizes=\"auto, (max-width: 892px) 100vw, 892px\" \/><\/a>\n\t\t\t<\/span><\/li><li class='gallery-item'><span class='gallery-icon landscape'>\n\t\t\t\t<a href=\"https:\/\/rioonda.com\/es\/accommodation\/la-habitacion-tucan\/\"><img loading=\"lazy\" decoding=\"async\" width=\"892\" height=\"892\" src=\"https:\/\/rioonda.com\/wp-content\/uploads\/2023\/11\/20240425_110347-892x892.jpg\" class=\"attachment-booklium-square size-booklium-square\" alt=\"\" srcset=\"https:\/\/rioonda.com\/wp-content\/uploads\/2023\/11\/20240425_110347-892x892.jpg 892w, https:\/\/rioonda.com\/wp-content\/uploads\/2023\/11\/20240425_110347-300x300.jpg 300w, https:\/\/rioonda.com\/wp-content\/uploads\/2023\/11\/20240425_110347-1024x1024.jpg 1024w, https:\/\/rioonda.com\/wp-content\/uploads\/2023\/11\/20240425_110347-150x150.jpg 150w, https:\/\/rioonda.com\/wp-content\/uploads\/2023\/11\/20240425_110347-768x767.jpg 768w, https:\/\/rioonda.com\/wp-content\/uploads\/2023\/11\/20240425_110347.jpg 1201w\" sizes=\"auto, (max-width: 892px) 100vw, 892px\" \/><\/a>\n\t\t\t<\/span><\/li><li class='gallery-item'><span class='gallery-icon landscape'>\n\t\t\t\t<a href=\"https:\/\/rioonda.com\/es\/accommodation\/la-habitacion-tucan\/\"><img loading=\"lazy\" decoding=\"async\" width=\"892\" height=\"892\" src=\"https:\/\/rioonda.com\/wp-content\/uploads\/2023\/11\/20240423_144010-892x892.jpg\" class=\"attachment-booklium-square size-booklium-square\" alt=\"\" srcset=\"https:\/\/rioonda.com\/wp-content\/uploads\/2023\/11\/20240423_144010-892x892.jpg 892w, https:\/\/rioonda.com\/wp-content\/uploads\/2023\/11\/20240423_144010-300x300.jpg 300w, https:\/\/rioonda.com\/wp-content\/uploads\/2023\/11\/20240423_144010-1024x1024.jpg 1024w, https:\/\/rioonda.com\/wp-content\/uploads\/2023\/11\/20240423_144010-150x150.jpg 150w, https:\/\/rioonda.com\/wp-content\/uploads\/2023\/11\/20240423_144010-768x768.jpg 768w, https:\/\/rioonda.com\/wp-content\/uploads\/2023\/11\/20240423_144010.jpg 1200w\" sizes=\"auto, (max-width: 892px) 100vw, 892px\" \/><\/a>\n\t\t\t<\/span><\/li><li class='gallery-item'><span class='gallery-icon portrait'>\n\t\t\t\t<a href=\"https:\/\/rioonda.com\/es\/accommodation\/la-habitacion-tucan\/\"><img loading=\"lazy\" decoding=\"async\" width=\"892\" height=\"892\" src=\"https:\/\/rioonda.com\/wp-content\/uploads\/2023\/11\/20240423_112113-892x892.jpg\" class=\"attachment-booklium-square size-booklium-square\" alt=\"\" srcset=\"https:\/\/rioonda.com\/wp-content\/uploads\/2023\/11\/20240423_112113-892x892.jpg 892w, https:\/\/rioonda.com\/wp-content\/uploads\/2023\/11\/20240423_112113-300x300.jpg 300w, https:\/\/rioonda.com\/wp-content\/uploads\/2023\/11\/20240423_112113-150x150.jpg 150w\" sizes=\"auto, (max-width: 892px) 100vw, 892px\" \/><\/a>\n\t\t\t<\/span><\/li><\/ul>\n\t\t<\/div>\n\n\t<\/div>\n\t            <\/div>\r\n\t\t\t            <div class=\"loop-room-info-wrapper\">\r\n\t\t\t\t\n<h2 class=\"mphb-room-type-title entry-title\">\n\n<a class=\"mphb-room-type-title\" href=\"https:\/\/rioonda.com\/es\/accommodation\/la-habitacion-tucan\/\">La Habitaci\u00f3n Tuc\u00e1n<\/a>\n\n<\/h2>    <ul class=\"loop-room-short-attributes\">\r\n\t\n\n\t<li class=\"mphb-room-type-adults-capacity\"><span class=\"mphb-attribute-title mphb-adults-title\">Hu\u00e9spedes:<\/span><span class=\"mphb-attribute-value\">\n\t4\n\t<\/span><\/li>\n\t\n\n\n\n\t<li class=\"mphb-room-type-size\"><span class=\"mphb-attribute-title mphb-size-title\">Tama\u00f1o:<\/span><span class=\"mphb-attribute-value\">\n\t24m\u00b2\n\t<\/span><\/li>\n\t    <\/ul>\r\n\t\n\n<p>La Habitaci\u00f3n Tuc\u00e1n es nuestra habitaci\u00f3n m\u00e1s grande y exclusiva. Tiene capacidad para 4 personas y dispone de una cama de matrimonio y un amplio sof\u00e1 cama.<\/p>\n\n\n<ul class=\"mphb-loop-room-type-attributes\">\n\n\n\n\t<li class=\"mphb-room-type-view\"><span class=\"mphb-attribute-title mphb-view-title\">Vista:<\/span><span class=\"mphb-attribute-value\">\n\tMonta\u00f1as, Jard\u00edn\n\t<\/span><\/li>\n\t\n\n\t<li class=\"mphb-room-type-bed-type\"><span  class=\"mphb-attribute-title mphb-bed-type-title\">Tipo de cama:<\/span><span class=\"mphb-attribute-value\">\n\t1 cama de matrimonio, 1 sof\u00e1 cama grande\n\t<\/span><\/li>\n\t\n\n\n\t<li class=\"mphb-room-type-facilities\"><span class=\"mphb-attribute-title mphb-facilities-title\">Servicios<\/span><span class=\"mphb-attribute-value\"> <span class=\"facility-abanico-de-techo\"><a href=\"https:\/\/rioonda.com\/es\/accommodation-facility\/abanico-de-techo\/\">Abanico de techo<\/a><\/span>, <span class=\"facility-agua-caliente\"><a href=\"https:\/\/rioonda.com\/es\/accommodation-facility\/agua-caliente\/\">Agua caliente<\/a><\/span>, <span class=\"facility-articulos-de-aseo-gratis\"><a href=\"https:\/\/rioonda.com\/es\/accommodation-facility\/articulos-de-aseo-gratis\/\">Art\u00edculos de aseo gratis<\/a><\/span>, <span class=\"facility-bano-privado\"><a href=\"https:\/\/rioonda.com\/es\/accommodation-facility\/bano-privado\/\">Ba\u00f1o privado<\/a><\/span>, <span class=\"facility-colchon-ortopedico\"><a href=\"https:\/\/rioonda.com\/es\/accommodation-facility\/colchon-ortopedico\/\">Colch\u00f3n ortop\u00e9dico<\/a><\/span>, <span class=\"facility-desayuno-basico-gratis\"><a href=\"https:\/\/rioonda.com\/es\/accommodation-facility\/desayuno-basico-gratis\/\">Desayuno b\u00e1sico gratis<\/a><\/span>, <span class=\"facility-estacion-de-recarga-usb\"><a href=\"https:\/\/rioonda.com\/es\/accommodation-facility\/estacion-de-recarga-usb\/\">Estaci\u00f3n de recarga USB<\/a><\/span>, <span class=\"facility-estacionamiento-gratuito\"><a href=\"https:\/\/rioonda.com\/es\/accommodation-facility\/estacionamiento-gratuito\/\">Estacionamiento gratuito<\/a><\/span>, <span class=\"facility-ropa-de-cama\"><a href=\"https:\/\/rioonda.com\/es\/accommodation-facility\/ropa-de-cama\/\">Ropa de cama<\/a><\/span>, <span class=\"facility-toallas\"><a href=\"https:\/\/rioonda.com\/es\/accommodation-facility\/toallas\/\">Toallas<\/a><\/span>, <span class=\"facility-wifi-gratis\"><a href=\"https:\/\/rioonda.com\/es\/accommodation-facility\/wifi-gratis\/\">Wifi gratis<\/a><\/span><\/span><\/li>\n\t\n<\/ul>            <\/div>\r\n\t\t            <div class=\"loop-room-book-wrapper\">\r\n\t\t\t\t\n\n\t<p class=\"mphb-regular-price\"><strong>Precio desde:<\/strong>\n\t<span class=\"mphb-price\"><span class=\"mphb-currency\">&#36;<\/span>68<\/span> <span class=\"mphb-price-period\" title=\"Establezca las fechas para ver los precios adecuados\">por noche<\/span><span class=\"mphb-tax-information taxes-included\"> (+impuestos y cargos)<\/span>\n\t<\/p>\n\t\n<div class=\"mphb-to-book-btn-wrapper\">\n<form action=\"https:\/\/rioonda.com\/es\/accommodation\/la-habitacion-tucan\/#booking-form-1986\" method=\"get\" ><button type=\"submit\" class=\"button mphb-book-button\" >Hacer reserva<\/button><\/form>\n<br\/><\/div>\n<p class=\"mphb-view-details-button-wrapper\">\n<a class=\"button mphb-view-details-button\" href=\"https:\/\/rioonda.com\/es\/accommodation\/la-habitacion-tucan\/\" >Ver detalles<\/a>\n<\/p>            <\/div>\r\n\t\t\r\n    <\/div>\r\n\t\r\n<\/div>\r\n\r\n    <\/div>\r\n\t<\/div>","protected":false},"excerpt":{"rendered":"<p>Nuestras tres exclusivas habitaciones est\u00e1n dise\u00f1adas de forma individual y te sentir\u00e1s como en casa. Recibimos familias y mascotas, as\u00ed que av\u00edsanos si tienes pensado traer a tu amigo peludo.<\/p>\n","protected":false},"author":1,"featured_media":0,"parent":0,"menu_order":0,"comment_status":"closed","ping_status":"closed","template":"template-wide-page.php","meta":{"inline_featured_image":false,"footnotes":""},"class_list":["post-1975","page","type-page","status-publish","hentry"],"jetpack_sharing_enabled":true,"_links":{"self":[{"href":"https:\/\/rioonda.com\/es\/wp-json\/wp\/v2\/pages\/1975","targetHints":{"allow":["GET"]}}],"collection":[{"href":"https:\/\/rioonda.com\/es\/wp-json\/wp\/v2\/pages"}],"about":[{"href":"https:\/\/rioonda.com\/es\/wp-json\/wp\/v2\/types\/page"}],"author":[{"embeddable":true,"href":"https:\/\/rioonda.com\/es\/wp-json\/wp\/v2\/users\/1"}],"replies":[{"embeddable":true,"href":"https:\/\/rioonda.com\/es\/wp-json\/wp\/v2\/comments?post=1975"}],"version-history":[{"count":1,"href":"https:\/\/rioonda.com\/es\/wp-json\/wp\/v2\/pages\/1975\/revisions"}],"predecessor-version":[{"id":2166,"href":"https:\/\/rioonda.com\/es\/wp-json\/wp\/v2\/pages\/1975\/revisions\/2166"}],"wp:attachment":[{"href":"https:\/\/rioonda.com\/es\/wp-json\/wp\/v2\/media?parent=1975"}],"curies":[{"name":"wp","href":"https:\/\/api.w.org\/{rel}","templated":true}]}}