{"id":1893,"date":"2023-11-02T15:01:20","date_gmt":"2023-11-02T15:01:20","guid":{"rendered":"https:\/\/rioonda.com\/zimmer-in-rio-onda\/"},"modified":"2024-11-12T23:44:51","modified_gmt":"2024-11-12T23:44:51","slug":"zimmer-in-rio-onda","status":"publish","type":"page","link":"https:\/\/rioonda.com\/de\/zimmer-in-rio-onda\/","title":{"rendered":"Zimmer in Rio Onda"},"content":{"rendered":"<div class=\"mphb_sc_rooms-wrapper mphb-room-types \">    <div class=\"loop-rooms-wrapper\">\r\n\t\r\n<div class=\"mphb-room-type post-1909 mphb_room_type type-mphb_room_type status-publish has-post-thumbnail mphb_room_type_facility-bettwaesche mphb_room_type_facility-deckenventilator mphb_room_type_facility-einfaches-fruehstueck-in-selbstbedienung mphb_room_type_facility-gratis-wlan mphb_room_type_facility-handtuecher mphb_room_type_facility-kostenlose-pflegeprodukte mphb_room_type_facility-orthopaedische-matratzen mphb_room_type_facility-privater-parkplatz mphb_room_type_facility-privates-badezimmer mphb_room_type_facility-usb-ladestation mphb_room_type_facility-warme-dusche mphb-room-type-adults-2 mphb-room-type-children-0 has-taxes-and-fees\">\r\n\r\n\t\r\n    <div class=\"loop-room-wrapper\">\r\n\t\t            <div class=\"loop-room-images-wrapper\">\r\n\t\t\t\t\n\n\t<p class=\"post-thumbnail mphb-loop-room-thumbnail\">\n\t<a href=\"https:\/\/rioonda.com\/de\/accommodation\/die-colibri-cabana\/\">\n\t<img loading=\"lazy\" decoding=\"async\" width=\"892\" height=\"892\" src=\"https:\/\/rioonda.com\/wp-content\/uploads\/2023\/11\/Colibri.jpg\" class=\"attachment-booklium-square size-booklium-square wp-post-image\" alt=\"\" srcset=\"https:\/\/rioonda.com\/wp-content\/uploads\/2023\/11\/Colibri.jpg 892w, https:\/\/rioonda.com\/wp-content\/uploads\/2023\/11\/Colibri-300x300.jpg 300w, https:\/\/rioonda.com\/wp-content\/uploads\/2023\/11\/Colibri-150x150.jpg 150w, https:\/\/rioonda.com\/wp-content\/uploads\/2023\/11\/Colibri-768x768.jpg 768w\" sizes=\"auto, (max-width: 892px) 100vw, 892px\" \/>\t<\/a>\n\n\t<\/p>\n            <\/div>\r\n\t\t\t            <div class=\"loop-room-info-wrapper\">\r\n\t\t\t\t\n<h2 class=\"mphb-room-type-title entry-title\">\n\n<a class=\"mphb-room-type-title\" href=\"https:\/\/rioonda.com\/de\/accommodation\/die-colibri-cabana\/\">Die Colibri Caba\u00f1a<\/a>\n\n<\/h2>    <ul class=\"loop-room-short-attributes\">\r\n\t\n\n\t<li class=\"mphb-room-type-adults-capacity\"><span class=\"mphb-attribute-title mphb-adults-title\">G\u00e4ste:<\/span><span class=\"mphb-attribute-value\">\n\t2\n\t<\/span><\/li>\n\t\n\n\n\n\t<li class=\"mphb-room-type-size\"><span class=\"mphb-attribute-title mphb-size-title\">Gr\u00f6\u00dfe:<\/span><span class=\"mphb-attribute-value\">\n\t12m\u00b2\n\t<\/span><\/li>\n\t    <\/ul>\r\n\t\n\n<p>Die Colibri Caba\u00f1a verf\u00fcgt \u00fcber zwei Einzelbetten, in denen 2 Personen bequem Platz finden. Sie bietet auch einen Sitzbereich im Freien mit Blick auf die Berge und den Garten.<\/p>\n\n\n<ul class=\"mphb-loop-room-type-attributes\">\n\n\n\n\t<li class=\"mphb-room-type-view\"><span class=\"mphb-attribute-title mphb-view-title\">Ansicht:<\/span><span class=\"mphb-attribute-value\">\n\tBerge, Garten\n\t<\/span><\/li>\n\t\n\n\t<li class=\"mphb-room-type-bed-type\"><span  class=\"mphb-attribute-title mphb-bed-type-title\">Bettentyp:<\/span><span class=\"mphb-attribute-value\">\n\t2 Einzelbetten\n\t<\/span><\/li>\n\t\n\n\n\t<li class=\"mphb-room-type-facilities\"><span class=\"mphb-attribute-title mphb-facilities-title\">Ausstattungen:<\/span><span class=\"mphb-attribute-value\"> <span class=\"facility-bettwaesche\"><a href=\"https:\/\/rioonda.com\/de\/accommodation-facility\/bettwaesche\/\">Bettw\u00e4sche<\/a><\/span>, <span class=\"facility-deckenventilator\"><a href=\"https:\/\/rioonda.com\/de\/accommodation-facility\/deckenventilator\/\">Deckenventilator<\/a><\/span>, <span class=\"facility-einfaches-fruehstueck-in-selbstbedienung\"><a href=\"https:\/\/rioonda.com\/de\/accommodation-facility\/einfaches-fruehstueck-in-selbstbedienung\/\">Einfaches Fr\u00fchst\u00fcck in Selbstbedienung<\/a><\/span>, <span class=\"facility-gratis-wlan\"><a href=\"https:\/\/rioonda.com\/de\/accommodation-facility\/gratis-wlan\/\">Gratis WLAN<\/a><\/span>, <span class=\"facility-handtuecher\"><a href=\"https:\/\/rioonda.com\/de\/accommodation-facility\/handtuecher\/\">Handt\u00fccher<\/a><\/span>, <span class=\"facility-kostenlose-pflegeprodukte\"><a href=\"https:\/\/rioonda.com\/de\/accommodation-facility\/kostenlose-pflegeprodukte\/\">Kostenlose Pflegeprodukte<\/a><\/span>, <span class=\"facility-orthopaedische-matratzen\"><a href=\"https:\/\/rioonda.com\/de\/accommodation-facility\/orthopaedische-matratzen\/\">Orthop\u00e4dische Matratzen<\/a><\/span>, <span class=\"facility-privater-parkplatz\"><a href=\"https:\/\/rioonda.com\/de\/accommodation-facility\/privater-parkplatz\/\">Privater Parkplatz<\/a><\/span>, <span class=\"facility-privates-badezimmer\"><a href=\"https:\/\/rioonda.com\/de\/accommodation-facility\/privates-badezimmer\/\">Privates Badezimmer<\/a><\/span>, <span class=\"facility-usb-ladestation\"><a href=\"https:\/\/rioonda.com\/de\/accommodation-facility\/usb-ladestation\/\">USB Ladestation<\/a><\/span>, <span class=\"facility-warme-dusche\"><a href=\"https:\/\/rioonda.com\/de\/accommodation-facility\/warme-dusche\/\">Warme Dusche<\/a><\/span><\/span><\/li>\n\t\n<\/ul>            <\/div>\r\n\t\t            <div class=\"loop-room-book-wrapper\">\r\n\t\t\t\t\n\n\t<p class=\"mphb-regular-price\"><strong>Preis von:<\/strong>\n\t<span class=\"mphb-price\"><span class=\"mphb-currency\">&#36;<\/span>59<\/span> <span class=\"mphb-price-period\" title=\"W\u00e4hlen Sie Daten, um relevante Preise zu sehen\">pro Nacht<\/span><span class=\"mphb-tax-information taxes-included\"> (+Steuern und Geb\u00fchren)<\/span>\n\t<\/p>\n\t\n<div class=\"mphb-to-book-btn-wrapper\">\n<form action=\"https:\/\/rioonda.com\/de\/accommodation\/die-colibri-cabana\/#booking-form-1909\" method=\"get\" ><button type=\"submit\" class=\"button mphb-book-button\" >Buchen<\/button><\/form>\n<br\/><\/div>\n<p class=\"mphb-view-details-button-wrapper\">\n<a class=\"button mphb-view-details-button\" href=\"https:\/\/rioonda.com\/de\/accommodation\/die-colibri-cabana\/\" >Details ansehen<\/a>\n<\/p>            <\/div>\r\n\t\t\r\n    <\/div>\r\n\t\r\n<\/div>\r\n\r\n\r\n<div class=\"mphb-room-type post-1910 mphb_room_type type-mphb_room_type status-publish has-post-thumbnail mphb_room_type_facility-bettwaesche mphb_room_type_facility-deckenventilator mphb_room_type_facility-einfaches-fruehstueck-in-selbstbedienung mphb_room_type_facility-gratis-wlan mphb_room_type_facility-handtuecher mphb_room_type_facility-kostenlose-pflegeprodukte mphb_room_type_facility-orthopaedische-matratzen mphb_room_type_facility-privater-parkplatz mphb_room_type_facility-privates-badezimmer mphb_room_type_facility-usb-ladestation mphb_room_type_facility-warme-dusche mphb-room-type-adults-3 mphb-room-type-children-0 has-taxes-and-fees\">\r\n\r\n\t\r\n    <div class=\"loop-room-wrapper\">\r\n\t\t            <div class=\"loop-room-images-wrapper\">\r\n\t\t\t\t\n\n\t<p class=\"post-thumbnail mphb-loop-room-thumbnail\">\n\t<a href=\"https:\/\/rioonda.com\/de\/accommodation\/das-jaguar-zimmer\/\">\n\t<img loading=\"lazy\" decoding=\"async\" width=\"892\" height=\"892\" src=\"https:\/\/rioonda.com\/wp-content\/uploads\/2023\/11\/Jaguar.jpg\" class=\"attachment-booklium-square size-booklium-square wp-post-image\" alt=\"\" srcset=\"https:\/\/rioonda.com\/wp-content\/uploads\/2023\/11\/Jaguar.jpg 892w, https:\/\/rioonda.com\/wp-content\/uploads\/2023\/11\/Jaguar-300x300.jpg 300w, https:\/\/rioonda.com\/wp-content\/uploads\/2023\/11\/Jaguar-150x150.jpg 150w, https:\/\/rioonda.com\/wp-content\/uploads\/2023\/11\/Jaguar-768x768.jpg 768w\" sizes=\"auto, (max-width: 892px) 100vw, 892px\" \/>\t<\/a>\n\n\t<\/p>\n            <\/div>\r\n\t\t\t            <div class=\"loop-room-info-wrapper\">\r\n\t\t\t\t\n<h2 class=\"mphb-room-type-title entry-title\">\n\n<a class=\"mphb-room-type-title\" href=\"https:\/\/rioonda.com\/de\/accommodation\/das-jaguar-zimmer\/\">Das Jaguar Zimmer<\/a>\n\n<\/h2>    <ul class=\"loop-room-short-attributes\">\r\n\t\n\n\t<li class=\"mphb-room-type-adults-capacity\"><span class=\"mphb-attribute-title mphb-adults-title\">G\u00e4ste:<\/span><span class=\"mphb-attribute-value\">\n\t3\n\t<\/span><\/li>\n\t\n\n\n\n\t<li class=\"mphb-room-type-size\"><span class=\"mphb-attribute-title mphb-size-title\">Gr\u00f6\u00dfe:<\/span><span class=\"mphb-attribute-value\">\n\t18m\u00b2\n\t<\/span><\/li>\n\t    <\/ul>\r\n\t\n\n<p>Das Jaguar Zimmer ist frisch renoviert und mit kuriosen Kunstwerken versehen. Es bietet ein Queensize-Bett sowie ein Einzelbett und hat Platz f\u00fcr bis zu 3 Personen. <\/p>\n\n\n<ul class=\"mphb-loop-room-type-attributes\">\n\n\n\n\t<li class=\"mphb-room-type-view\"><span class=\"mphb-attribute-title mphb-view-title\">Ansicht:<\/span><span class=\"mphb-attribute-value\">\n\tBerge, Garten\n\t<\/span><\/li>\n\t\n\n\t<li class=\"mphb-room-type-bed-type\"><span  class=\"mphb-attribute-title mphb-bed-type-title\">Bettentyp:<\/span><span class=\"mphb-attribute-value\">\n\t1 Queensize-Bett, 1 Einzelbett\n\t<\/span><\/li>\n\t\n\n\n\t<li class=\"mphb-room-type-facilities\"><span class=\"mphb-attribute-title mphb-facilities-title\">Ausstattungen:<\/span><span class=\"mphb-attribute-value\"> <span class=\"facility-bettwaesche\"><a href=\"https:\/\/rioonda.com\/de\/accommodation-facility\/bettwaesche\/\">Bettw\u00e4sche<\/a><\/span>, <span class=\"facility-deckenventilator\"><a href=\"https:\/\/rioonda.com\/de\/accommodation-facility\/deckenventilator\/\">Deckenventilator<\/a><\/span>, <span class=\"facility-einfaches-fruehstueck-in-selbstbedienung\"><a href=\"https:\/\/rioonda.com\/de\/accommodation-facility\/einfaches-fruehstueck-in-selbstbedienung\/\">Einfaches Fr\u00fchst\u00fcck in Selbstbedienung<\/a><\/span>, <span class=\"facility-gratis-wlan\"><a href=\"https:\/\/rioonda.com\/de\/accommodation-facility\/gratis-wlan\/\">Gratis WLAN<\/a><\/span>, <span class=\"facility-handtuecher\"><a href=\"https:\/\/rioonda.com\/de\/accommodation-facility\/handtuecher\/\">Handt\u00fccher<\/a><\/span>, <span class=\"facility-kostenlose-pflegeprodukte\"><a href=\"https:\/\/rioonda.com\/de\/accommodation-facility\/kostenlose-pflegeprodukte\/\">Kostenlose Pflegeprodukte<\/a><\/span>, <span class=\"facility-orthopaedische-matratzen\"><a href=\"https:\/\/rioonda.com\/de\/accommodation-facility\/orthopaedische-matratzen\/\">Orthop\u00e4dische Matratzen<\/a><\/span>, <span class=\"facility-privater-parkplatz\"><a href=\"https:\/\/rioonda.com\/de\/accommodation-facility\/privater-parkplatz\/\">Privater Parkplatz<\/a><\/span>, <span class=\"facility-privates-badezimmer\"><a href=\"https:\/\/rioonda.com\/de\/accommodation-facility\/privates-badezimmer\/\">Privates Badezimmer<\/a><\/span>, <span class=\"facility-usb-ladestation\"><a href=\"https:\/\/rioonda.com\/de\/accommodation-facility\/usb-ladestation\/\">USB Ladestation<\/a><\/span>, <span class=\"facility-warme-dusche\"><a href=\"https:\/\/rioonda.com\/de\/accommodation-facility\/warme-dusche\/\">Warme Dusche<\/a><\/span><\/span><\/li>\n\t\n<\/ul>            <\/div>\r\n\t\t            <div class=\"loop-room-book-wrapper\">\r\n\t\t\t\t\n\n\t<p class=\"mphb-regular-price\"><strong>Preis von:<\/strong>\n\t<span class=\"mphb-price\"><span class=\"mphb-currency\">&#36;<\/span>64<\/span> <span class=\"mphb-price-period\" title=\"W\u00e4hlen Sie Daten, um relevante Preise zu sehen\">pro Nacht<\/span><span class=\"mphb-tax-information taxes-included\"> (+Steuern und Geb\u00fchren)<\/span>\n\t<\/p>\n\t\n<div class=\"mphb-to-book-btn-wrapper\">\n<form action=\"https:\/\/rioonda.com\/de\/accommodation\/das-jaguar-zimmer\/#booking-form-1910\" method=\"get\" ><button type=\"submit\" class=\"button mphb-book-button\" >Buchen<\/button><\/form>\n<br\/><\/div>\n<p class=\"mphb-view-details-button-wrapper\">\n<a class=\"button mphb-view-details-button\" href=\"https:\/\/rioonda.com\/de\/accommodation\/das-jaguar-zimmer\/\" >Details ansehen<\/a>\n<\/p>            <\/div>\r\n\t\t\r\n    <\/div>\r\n\t\r\n<\/div>\r\n\r\n\r\n<div class=\"mphb-room-type post-1911 mphb_room_type type-mphb_room_type status-publish has-post-thumbnail mphb_room_type_facility-bettwaesche mphb_room_type_facility-deckenventilator mphb_room_type_facility-einfaches-fruehstueck-in-selbstbedienung mphb_room_type_facility-gratis-wlan mphb_room_type_facility-handtuecher mphb_room_type_facility-kostenlose-pflegeprodukte mphb_room_type_facility-orthopaedische-matratzen mphb_room_type_facility-privater-parkplatz mphb_room_type_facility-privates-badezimmer mphb_room_type_facility-usb-ladestation mphb_room_type_facility-warme-dusche mphb-room-type-adults-4 mphb-room-type-children-0 has-taxes-and-fees\">\r\n\r\n\t\r\n    <div class=\"loop-room-wrapper\">\r\n\t\t            <div class=\"loop-room-images-wrapper\">\r\n\t\t\t\t\n\n\t<div class=\"mphb-room-type-images\">\n\t<div id='mphb-flexslider-gallery-1' class='gallery-columns-1 gallery-size-booklium-square mphb-gallery-main-slider mphb-flexslider-gallery-wrapper mphb-room-type-gallery-wrapper mphb-gallery-main-slider-69d2590ea7ae2' data-flexslider-atts='{\"animation\":\"slide\",\"controlNav\":false,\"animationLoop\":true,\"smoothHeight\":true,\"slideshow\":false}' data-group='69d2590ea7ae2'><ul class=\"slides\"><li class='gallery-item'><span class='gallery-icon landscape'>\n\t\t\t\t<a href=\"https:\/\/rioonda.com\/de\/accommodation\/das-tukan-zimmer\/\"><img loading=\"lazy\" decoding=\"async\" width=\"892\" height=\"892\" src=\"https:\/\/rioonda.com\/wp-content\/uploads\/2023\/11\/20240423_144357-892x892.jpg\" class=\"attachment-booklium-square size-booklium-square\" alt=\"\" srcset=\"https:\/\/rioonda.com\/wp-content\/uploads\/2023\/11\/20240423_144357-892x892.jpg 892w, https:\/\/rioonda.com\/wp-content\/uploads\/2023\/11\/20240423_144357-300x300.jpg 300w, https:\/\/rioonda.com\/wp-content\/uploads\/2023\/11\/20240423_144357-1024x1024.jpg 1024w, https:\/\/rioonda.com\/wp-content\/uploads\/2023\/11\/20240423_144357-150x150.jpg 150w, https:\/\/rioonda.com\/wp-content\/uploads\/2023\/11\/20240423_144357-768x768.jpg 768w, https:\/\/rioonda.com\/wp-content\/uploads\/2023\/11\/20240423_144357.jpg 1200w\" sizes=\"auto, (max-width: 892px) 100vw, 892px\" \/><\/a>\n\t\t\t<\/span><\/li><li class='gallery-item'><span class='gallery-icon landscape'>\n\t\t\t\t<a href=\"https:\/\/rioonda.com\/de\/accommodation\/das-tukan-zimmer\/\"><img loading=\"lazy\" decoding=\"async\" width=\"892\" height=\"892\" src=\"https:\/\/rioonda.com\/wp-content\/uploads\/2023\/11\/20240423_144122-892x892.jpg\" class=\"attachment-booklium-square size-booklium-square\" alt=\"\" srcset=\"https:\/\/rioonda.com\/wp-content\/uploads\/2023\/11\/20240423_144122-892x892.jpg 892w, https:\/\/rioonda.com\/wp-content\/uploads\/2023\/11\/20240423_144122-300x300.jpg 300w, https:\/\/rioonda.com\/wp-content\/uploads\/2023\/11\/20240423_144122-1024x1024.jpg 1024w, https:\/\/rioonda.com\/wp-content\/uploads\/2023\/11\/20240423_144122-150x150.jpg 150w, https:\/\/rioonda.com\/wp-content\/uploads\/2023\/11\/20240423_144122-768x768.jpg 768w, https:\/\/rioonda.com\/wp-content\/uploads\/2023\/11\/20240423_144122.jpg 1200w\" sizes=\"auto, (max-width: 892px) 100vw, 892px\" \/><\/a>\n\t\t\t<\/span><\/li><li class='gallery-item'><span class='gallery-icon landscape'>\n\t\t\t\t<a href=\"https:\/\/rioonda.com\/de\/accommodation\/das-tukan-zimmer\/\"><img loading=\"lazy\" decoding=\"async\" width=\"892\" height=\"892\" src=\"https:\/\/rioonda.com\/wp-content\/uploads\/2023\/11\/20240423_144111-892x892.jpg\" class=\"attachment-booklium-square size-booklium-square\" alt=\"\" srcset=\"https:\/\/rioonda.com\/wp-content\/uploads\/2023\/11\/20240423_144111-892x892.jpg 892w, https:\/\/rioonda.com\/wp-content\/uploads\/2023\/11\/20240423_144111-300x300.jpg 300w, https:\/\/rioonda.com\/wp-content\/uploads\/2023\/11\/20240423_144111-1024x1024.jpg 1024w, https:\/\/rioonda.com\/wp-content\/uploads\/2023\/11\/20240423_144111-150x150.jpg 150w, https:\/\/rioonda.com\/wp-content\/uploads\/2023\/11\/20240423_144111-768x768.jpg 768w, https:\/\/rioonda.com\/wp-content\/uploads\/2023\/11\/20240423_144111.jpg 1200w\" sizes=\"auto, (max-width: 892px) 100vw, 892px\" \/><\/a>\n\t\t\t<\/span><\/li><li class='gallery-item'><span class='gallery-icon landscape'>\n\t\t\t\t<a href=\"https:\/\/rioonda.com\/de\/accommodation\/das-tukan-zimmer\/\"><img loading=\"lazy\" decoding=\"async\" width=\"892\" height=\"892\" src=\"https:\/\/rioonda.com\/wp-content\/uploads\/2023\/11\/20240425_110347-892x892.jpg\" class=\"attachment-booklium-square size-booklium-square\" alt=\"\" srcset=\"https:\/\/rioonda.com\/wp-content\/uploads\/2023\/11\/20240425_110347-892x892.jpg 892w, https:\/\/rioonda.com\/wp-content\/uploads\/2023\/11\/20240425_110347-300x300.jpg 300w, https:\/\/rioonda.com\/wp-content\/uploads\/2023\/11\/20240425_110347-1024x1024.jpg 1024w, https:\/\/rioonda.com\/wp-content\/uploads\/2023\/11\/20240425_110347-150x150.jpg 150w, https:\/\/rioonda.com\/wp-content\/uploads\/2023\/11\/20240425_110347-768x767.jpg 768w, https:\/\/rioonda.com\/wp-content\/uploads\/2023\/11\/20240425_110347.jpg 1201w\" sizes=\"auto, (max-width: 892px) 100vw, 892px\" \/><\/a>\n\t\t\t<\/span><\/li><li class='gallery-item'><span class='gallery-icon landscape'>\n\t\t\t\t<a href=\"https:\/\/rioonda.com\/de\/accommodation\/das-tukan-zimmer\/\"><img loading=\"lazy\" decoding=\"async\" width=\"892\" height=\"892\" src=\"https:\/\/rioonda.com\/wp-content\/uploads\/2023\/11\/20240423_144010-892x892.jpg\" class=\"attachment-booklium-square size-booklium-square\" alt=\"\" srcset=\"https:\/\/rioonda.com\/wp-content\/uploads\/2023\/11\/20240423_144010-892x892.jpg 892w, https:\/\/rioonda.com\/wp-content\/uploads\/2023\/11\/20240423_144010-300x300.jpg 300w, https:\/\/rioonda.com\/wp-content\/uploads\/2023\/11\/20240423_144010-1024x1024.jpg 1024w, https:\/\/rioonda.com\/wp-content\/uploads\/2023\/11\/20240423_144010-150x150.jpg 150w, https:\/\/rioonda.com\/wp-content\/uploads\/2023\/11\/20240423_144010-768x768.jpg 768w, https:\/\/rioonda.com\/wp-content\/uploads\/2023\/11\/20240423_144010.jpg 1200w\" sizes=\"auto, (max-width: 892px) 100vw, 892px\" \/><\/a>\n\t\t\t<\/span><\/li><li class='gallery-item'><span class='gallery-icon portrait'>\n\t\t\t\t<a href=\"https:\/\/rioonda.com\/de\/accommodation\/das-tukan-zimmer\/\"><img loading=\"lazy\" decoding=\"async\" width=\"892\" height=\"892\" src=\"https:\/\/rioonda.com\/wp-content\/uploads\/2023\/11\/20240423_112113-892x892.jpg\" class=\"attachment-booklium-square size-booklium-square\" alt=\"\" srcset=\"https:\/\/rioonda.com\/wp-content\/uploads\/2023\/11\/20240423_112113-892x892.jpg 892w, https:\/\/rioonda.com\/wp-content\/uploads\/2023\/11\/20240423_112113-300x300.jpg 300w, https:\/\/rioonda.com\/wp-content\/uploads\/2023\/11\/20240423_112113-150x150.jpg 150w\" sizes=\"auto, (max-width: 892px) 100vw, 892px\" \/><\/a>\n\t\t\t<\/span><\/li><\/ul>\n\t\t<\/div>\n\n\t<\/div>\n\t            <\/div>\r\n\t\t\t            <div class=\"loop-room-info-wrapper\">\r\n\t\t\t\t\n<h2 class=\"mphb-room-type-title entry-title\">\n\n<a class=\"mphb-room-type-title\" href=\"https:\/\/rioonda.com\/de\/accommodation\/das-tukan-zimmer\/\">Das Tukan Zimmer<\/a>\n\n<\/h2>    <ul class=\"loop-room-short-attributes\">\r\n\t\n\n\t<li class=\"mphb-room-type-adults-capacity\"><span class=\"mphb-attribute-title mphb-adults-title\">G\u00e4ste:<\/span><span class=\"mphb-attribute-value\">\n\t4\n\t<\/span><\/li>\n\t\n\n\n\n\t<li class=\"mphb-room-type-size\"><span class=\"mphb-attribute-title mphb-size-title\">Gr\u00f6\u00dfe:<\/span><span class=\"mphb-attribute-value\">\n\t24m\u00b2\n\t<\/span><\/li>\n\t    <\/ul>\r\n\t\n\n<p>Das Tukan Zimmer ist unser gr\u00f6\u00dftes und exklusivstes Zimmer. Mit einem Queensize-Bett und einem ausziehbaren Sofa, beherbergt es bis zu 4 Personen.<\/p>\n\n\n<ul class=\"mphb-loop-room-type-attributes\">\n\n\n\n\t<li class=\"mphb-room-type-view\"><span class=\"mphb-attribute-title mphb-view-title\">Ansicht:<\/span><span class=\"mphb-attribute-value\">\n\tBerge, Garten\n\t<\/span><\/li>\n\t\n\n\t<li class=\"mphb-room-type-bed-type\"><span  class=\"mphb-attribute-title mphb-bed-type-title\">Bettentyp:<\/span><span class=\"mphb-attribute-value\">\n\t1 Queensize-Bett, 1 gro\u00dfes Schlafsofa\n\t<\/span><\/li>\n\t\n\n\n\t<li class=\"mphb-room-type-facilities\"><span class=\"mphb-attribute-title mphb-facilities-title\">Ausstattungen:<\/span><span class=\"mphb-attribute-value\"> <span class=\"facility-bettwaesche\"><a href=\"https:\/\/rioonda.com\/de\/accommodation-facility\/bettwaesche\/\">Bettw\u00e4sche<\/a><\/span>, <span class=\"facility-deckenventilator\"><a href=\"https:\/\/rioonda.com\/de\/accommodation-facility\/deckenventilator\/\">Deckenventilator<\/a><\/span>, <span class=\"facility-einfaches-fruehstueck-in-selbstbedienung\"><a href=\"https:\/\/rioonda.com\/de\/accommodation-facility\/einfaches-fruehstueck-in-selbstbedienung\/\">Einfaches Fr\u00fchst\u00fcck in Selbstbedienung<\/a><\/span>, <span class=\"facility-gratis-wlan\"><a href=\"https:\/\/rioonda.com\/de\/accommodation-facility\/gratis-wlan\/\">Gratis WLAN<\/a><\/span>, <span class=\"facility-handtuecher\"><a href=\"https:\/\/rioonda.com\/de\/accommodation-facility\/handtuecher\/\">Handt\u00fccher<\/a><\/span>, <span class=\"facility-kostenlose-pflegeprodukte\"><a href=\"https:\/\/rioonda.com\/de\/accommodation-facility\/kostenlose-pflegeprodukte\/\">Kostenlose Pflegeprodukte<\/a><\/span>, <span class=\"facility-orthopaedische-matratzen\"><a href=\"https:\/\/rioonda.com\/de\/accommodation-facility\/orthopaedische-matratzen\/\">Orthop\u00e4dische Matratzen<\/a><\/span>, <span class=\"facility-privater-parkplatz\"><a href=\"https:\/\/rioonda.com\/de\/accommodation-facility\/privater-parkplatz\/\">Privater Parkplatz<\/a><\/span>, <span class=\"facility-privates-badezimmer\"><a href=\"https:\/\/rioonda.com\/de\/accommodation-facility\/privates-badezimmer\/\">Privates Badezimmer<\/a><\/span>, <span class=\"facility-usb-ladestation\"><a href=\"https:\/\/rioonda.com\/de\/accommodation-facility\/usb-ladestation\/\">USB Ladestation<\/a><\/span>, <span class=\"facility-warme-dusche\"><a href=\"https:\/\/rioonda.com\/de\/accommodation-facility\/warme-dusche\/\">Warme Dusche<\/a><\/span><\/span><\/li>\n\t\n<\/ul>            <\/div>\r\n\t\t            <div class=\"loop-room-book-wrapper\">\r\n\t\t\t\t\n\n\t<p class=\"mphb-regular-price\"><strong>Preis von:<\/strong>\n\t<span class=\"mphb-price\"><span class=\"mphb-currency\">&#36;<\/span>68<\/span> <span class=\"mphb-price-period\" title=\"W\u00e4hlen Sie Daten, um relevante Preise zu sehen\">pro Nacht<\/span><span class=\"mphb-tax-information taxes-included\"> (+Steuern und Geb\u00fchren)<\/span>\n\t<\/p>\n\t\n<div class=\"mphb-to-book-btn-wrapper\">\n<form action=\"https:\/\/rioonda.com\/de\/accommodation\/das-tukan-zimmer\/#booking-form-1911\" method=\"get\" ><button type=\"submit\" class=\"button mphb-book-button\" >Buchen<\/button><\/form>\n<br\/><\/div>\n<p class=\"mphb-view-details-button-wrapper\">\n<a class=\"button mphb-view-details-button\" href=\"https:\/\/rioonda.com\/de\/accommodation\/das-tukan-zimmer\/\" >Details ansehen<\/a>\n<\/p>            <\/div>\r\n\t\t\r\n    <\/div>\r\n\t\r\n<\/div>\r\n\r\n    <\/div>\r\n\t<\/div>","protected":false},"excerpt":{"rendered":"<p>Unsere drei exklusiven Zimmer sind individuell gestaltet und werden dir direkt ein Gef\u00fchl wie zu Hause geben. Wir sind familien- und haustierfreundlich &#8211; sag uns einfach Bescheid, falls du deinen haarigen Freund mitbringen m\u00f6chtest!<\/p>\n","protected":false},"author":1,"featured_media":0,"parent":0,"menu_order":0,"comment_status":"closed","ping_status":"closed","template":"template-wide-page.php","meta":{"inline_featured_image":false,"footnotes":""},"class_list":["post-1893","page","type-page","status-publish","hentry"],"jetpack_sharing_enabled":true,"_links":{"self":[{"href":"https:\/\/rioonda.com\/de\/wp-json\/wp\/v2\/pages\/1893","targetHints":{"allow":["GET"]}}],"collection":[{"href":"https:\/\/rioonda.com\/de\/wp-json\/wp\/v2\/pages"}],"about":[{"href":"https:\/\/rioonda.com\/de\/wp-json\/wp\/v2\/types\/page"}],"author":[{"embeddable":true,"href":"https:\/\/rioonda.com\/de\/wp-json\/wp\/v2\/users\/1"}],"replies":[{"embeddable":true,"href":"https:\/\/rioonda.com\/de\/wp-json\/wp\/v2\/comments?post=1893"}],"version-history":[{"count":3,"href":"https:\/\/rioonda.com\/de\/wp-json\/wp\/v2\/pages\/1893\/revisions"}],"predecessor-version":[{"id":1976,"href":"https:\/\/rioonda.com\/de\/wp-json\/wp\/v2\/pages\/1893\/revisions\/1976"}],"wp:attachment":[{"href":"https:\/\/rioonda.com\/de\/wp-json\/wp\/v2\/media?parent=1893"}],"curies":[{"name":"wp","href":"https:\/\/api.w.org\/{rel}","templated":true}]}}